{"id":474,"date":"2016-12-20T11:28:10","date_gmt":"2016-12-20T13:28:10","guid":{"rendered":"https:\/\/www.posgrad.etg.ufmg.br\/\/?page_id=474\/"},"modified":"2017-07-11T14:46:19","modified_gmt":"2017-07-11T17:46:19","slug":"news","status":"publish","type":"page","link":"https:\/\/posgrad.etg.ufmg.br\/en\/news\/","title":{"rendered":"News"},"content":{"rendered":"<p><strong>INFORMATIVO SOBRE DISCIPLINA ISOLADA &#8211; 2017\/2\u00ba<\/strong><\/p>\n<p>Para obter informa\u00e7\u00f5es sobre a matr\u00edcula em disciplinas isoladas acesse o site:<\/p>\n<p><a href=\"https:\/\/www2.ufmg.br\/drca\/drca\/Home\/Pos-Graduacao\/Disciplina-Isolada\/Disciplina-Isolada-2017-21\">https:\/\/www2.ufmg.br\/drca\/drca\/Home\/Pos-Graduacao\/Disciplina-Isolada\/Disciplina-Isolada-2017-21<\/a><\/p>\n<p>&nbsp;<\/p>\n<p><strong>ATENDIMENTO PARA PROTOCOLO DE REQUERIMENTO:<\/strong><\/p>\n<p><strong>Hor\u00e1rio: \u00a0<\/strong>de 10:00h \u00e0s 11:30h e de 14:30h as 16:30h.<\/p>\n<p><strong>Local:<\/strong> sala 3504, Bloco 1, Escola de Engenharia da UFMG.<\/p>\n","protected":false},"excerpt":{"rendered":"<p>INFORMATIVO SOBRE DISCIPLINA ISOLADA &#8211; 2017\/2\u00ba Para obter informa\u00e7\u00f5es sobre a matr\u00edcula em disciplinas isoladas acesse o site: https:\/\/www2.ufmg.br\/drca\/drca\/Home\/Pos-Graduacao\/Disciplina-Isolada\/Disciplina-Isolada-2017-21 &nbsp; ATENDIMENTO PARA PROTOCOLO DE REQUERIMENTO: Hor\u00e1rio: \u00a0de 10:00h \u00e0s 11:30h e de 14:30h as 16:30h. Local: sala 3504, Bloco 1, Escola de Engenharia da UFMG.<\/p>\n","protected":false},"author":3,"featured_media":0,"parent":0,"menu_order":0,"comment_status":"closed","ping_status":"closed","template":"page-news.php","meta":{"_acf_changed":false,"footnotes":""},"categories":[],"class_list":["post-474","page","type-page","status-publish","hentry"],"acf":[],"_links":{"self":[{"href":"https:\/\/posgrad.etg.ufmg.br\/en\/wp-json\/wp\/v2\/pages\/474","targetHints":{"allow":["GET"]}}],"collection":[{"href":"https:\/\/posgrad.etg.ufmg.br\/en\/wp-json\/wp\/v2\/pages"}],"about":[{"href":"https:\/\/posgrad.etg.ufmg.br\/en\/wp-json\/wp\/v2\/types\/page"}],"author":[{"embeddable":true,"href":"https:\/\/posgrad.etg.ufmg.br\/en\/wp-json\/wp\/v2\/users\/3"}],"replies":[{"embeddable":true,"href":"https:\/\/posgrad.etg.ufmg.br\/en\/wp-json\/wp\/v2\/comments?post=474"}],"version-history":[{"count":2,"href":"https:\/\/posgrad.etg.ufmg.br\/en\/wp-json\/wp\/v2\/pages\/474\/revisions"}],"predecessor-version":[{"id":689,"href":"https:\/\/posgrad.etg.ufmg.br\/en\/wp-json\/wp\/v2\/pages\/474\/revisions\/689"}],"wp:attachment":[{"href":"https:\/\/posgrad.etg.ufmg.br\/en\/wp-json\/wp\/v2\/media?parent=474"}],"wp:term":[{"taxonomy":"category","embeddable":true,"href":"https:\/\/posgrad.etg.ufmg.br\/en\/wp-json\/wp\/v2\/categories?post=474"}],"curies":[{"name":"wp","href":"https:\/\/api.w.org\/{rel}","templated":true}]}}